{"id":954,"date":"2024-09-25T08:19:01","date_gmt":"2024-09-25T08:19:01","guid":{"rendered":"https:\/\/megamoolah777.com\/?page_id=954"},"modified":"2024-09-25T08:19:38","modified_gmt":"2024-09-25T08:19:38","slug":"about-us","status":"publish","type":"page","link":"https:\/\/megamoolah777.com\/tr\/about-us\/","title":{"rendered":"Hakk\u0131m\u0131zda"},"content":{"rendered":"<div data-elementor-type=\"wp-page\" data-elementor-id=\"954\" class=\"elementor elementor-954\">\n\t\t\t\t\t\t<section class=\"elementor-section elementor-top-section elementor-element elementor-element-6e000a4 elementor-section-boxed elementor-section-height-default elementor-section-height-default\" data-id=\"6e000a4\" data-element_type=\"section\" data-e-type=\"section\">\n\t\t\t\t\t\t<div class=\"elementor-container elementor-column-gap-default\">\n\t\t\t\t\t<div class=\"elementor-column elementor-col-100 elementor-top-column elementor-element elementor-element-b6da445\" data-id=\"b6da445\" data-element_type=\"column\" data-e-type=\"column\">\n\t\t\t<div class=\"elementor-widget-wrap elementor-element-populated\">\n\t\t\t\t\t\t<div class=\"elementor-element elementor-element-3f3adbc elementor-widget elementor-widget-heading\" data-id=\"3f3adbc\" data-element_type=\"widget\" data-e-type=\"widget\" data-widget_type=\"heading.default\">\n\t\t\t\t<div class=\"elementor-widget-container\">\n\t\t\t\t\t<h1 class=\"elementor-heading-title elementor-size-default\">Hakk\u0131m\u0131zda<\/h1>\t\t\t\t<\/div>\n\t\t\t\t<\/div>\n\t\t\t\t<div class=\"elementor-element elementor-element-73b2f7f elementor-widget elementor-widget-text-editor\" data-id=\"73b2f7f\" data-element_type=\"widget\" data-e-type=\"widget\" data-widget_type=\"text-editor.default\">\n\t\t\t\t<div class=\"elementor-widget-container\">\n\t\t\t\t\t\t\t\t\t<p><span data-sheets-root=\"1\">MegaMoolah777.com'da, Mega Moolah'a g\u00fc\u00e7l\u00fc bir \u015fekilde odaklanarak \u00e7evrimi\u00e7i slotlarla ilgili her \u015fey i\u00e7in g\u00fcvenilir merkeziniziz. Misyonumuz, genel oyun deneyiminizi geli\u015ftiren a\u00e7\u0131k ve g\u00fcvenilir bilgiler sunmakt\u0131r.<br \/><br \/>Sadece oyun incelemeleri ve stratejileri sunmuyoruz. Sorumlu oyun oynamaya \u00f6ncelik veriyor, oyununuzdan sorumlu bir \u015fekilde keyif alman\u0131z i\u00e7in ihtiya\u00e7 duydu\u011funuz kaynaklar\u0131 ve rehberli\u011fi sa\u011fl\u0131yoruz. \u0130\u00e7eri\u011fimiz hem ilgi \u00e7ekici hem de e\u011fitici olacak \u015fekilde haz\u0131rlanm\u0131\u015ft\u0131r ve bizimle ge\u00e7irdi\u011finiz zaman\u0131n de\u011ferli olmas\u0131n\u0131 sa\u011flar.<br \/><br \/>MegaMoolah777.com'un arkas\u0131ndaki ekip, \u00e7evrimi\u00e7i oyun end\u00fcstrisi hakk\u0131nda kapsaml\u0131 bilgiye sahip deneyimli profesyonellerden olu\u015fmaktad\u0131r. Sadece kesin de\u011fil, ayn\u0131 zamanda anla\u015f\u0131lmas\u0131 kolay i\u00e7erikler sunma konusunda tutkuluyuz ve slot oyunlar\u0131n\u0131 se\u00e7erken ak\u0131ll\u0131 se\u00e7imler yapman\u0131za yard\u0131mc\u0131 oluyoruz.<br \/><br \/>\u015eeffafl\u0131k ve d\u00fcr\u00fcstl\u00fck bizim i\u00e7in temel ilkelerdir. Tarafs\u0131z ve anla\u015f\u0131l\u0131r incelemeler sunarak bilin\u00e7li kararlar vermeniz i\u00e7in gereken bilgileri alman\u0131z\u0131 sa\u011fl\u0131yoruz.<br \/><br \/>\u00c7evrimi\u00e7i oyun d\u00fcnyas\u0131 geli\u015ftik\u00e7e, her zaman g\u00fcncel kalman\u0131z\u0131 sa\u011flamak i\u00e7in en son geli\u015fmelerin ve trendlerin \u00f6n\u00fcnde yer al\u0131yoruz. Mega Moolah'taki yeni \u00f6zellikler veya di\u011fer yenilikler olsun, sizi bilgilendirmeye devam ediyoruz.<br \/><br \/>MegaMoolah777.com, oyun yolculu\u011funuzu ger\u00e7ekten \u00f6nemli olan i\u00e7g\u00f6r\u00fcler ve g\u00fcncellemelerle geli\u015ftirmek i\u00e7in burada. Biz sadece incelemeler i\u00e7in bir site de\u011filiz - \u00e7evrimi\u00e7i slot d\u00fcnyas\u0131nda sizin yolda\u015f\u0131n\u0131z\u0131z.<\/span><\/p>\t\t\t\t\t\t\t\t<\/div>\n\t\t\t\t<\/div>\n\t\t\t\t\t<\/div>\n\t\t<\/div>\n\t\t\t\t\t<\/div>\n\t\t<\/section>\n\t\t\t\t<\/div>","protected":false},"excerpt":{"rendered":"<p>About Us At MegaMoolah777.com, we are your reliable hub for everything related to online slots, with a strong focus on Mega Moolah. Our mission is to deliver clear and trustworthy information that enhances your overall gaming experience. We don\u2019t just offer game reviews and strategies. We prioritize responsible gaming, providing the resources and guidance you [&hellip;]<\/p>\n","protected":false},"author":1,"featured_media":795,"parent":0,"menu_order":0,"comment_status":"closed","ping_status":"closed","template":"","meta":{"footnotes":""},"class_list":["post-954","page","type-page","status-publish","has-post-thumbnail","hentry"],"blocksy_meta":{"has_hero_section":"disabled","styles_descriptor":{"styles":{"desktop":"","tablet":"","mobile":""},"google_fonts":[],"version":6}},"yoast_head":"<!-- This site is optimized with the Yoast SEO plugin v27.4 - https:\/\/yoast.com\/product\/yoast-seo-wordpress\/ -->\n<title>About Us - MegaMoolah777<\/title>\n<meta name=\"robots\" content=\"index, follow, max-snippet:-1, max-image-preview:large, max-video-preview:-1\" \/>\n<link rel=\"canonical\" href=\"https:\/\/megamoolah777.com\/tr\/about-us\/\" \/>\n<meta property=\"og:locale\" content=\"tr_TR\" \/>\n<meta property=\"og:type\" content=\"article\" \/>\n<meta property=\"og:title\" content=\"About Us - MegaMoolah777\" \/>\n<meta property=\"og:description\" content=\"About Us At MegaMoolah777.com, we are your reliable hub for everything related to online slots, with a strong focus on Mega Moolah. Our mission is to deliver clear and trustworthy information that enhances your overall gaming experience. We don\u2019t just offer game reviews and strategies. We prioritize responsible gaming, providing the resources and guidance you [&hellip;]\" \/>\n<meta property=\"og:url\" content=\"https:\/\/megamoolah777.com\/tr\/about-us\/\" \/>\n<meta property=\"og:site_name\" content=\"MegaMoolah777\" \/>\n<meta property=\"article:modified_time\" content=\"2024-09-25T08:19:38+00:00\" \/>\n<meta property=\"og:image\" content=\"https:\/\/megamoolah777.com\/wp-content\/uploads\/2024\/09\/slide-1.jpg\" \/>\n\t<meta property=\"og:image:width\" content=\"800\" \/>\n\t<meta property=\"og:image:height\" content=\"450\" \/>\n\t<meta property=\"og:image:type\" content=\"image\/jpeg\" \/>\n<meta name=\"twitter:card\" content=\"summary_large_image\" \/>\n<meta name=\"twitter:label1\" content=\"Tahmini okuma s\u00fcresi\" \/>\n\t<meta name=\"twitter:data1\" content=\"1 dakika\" \/>\n<script type=\"application\/ld+json\" class=\"yoast-schema-graph\">{\"@context\":\"https:\\\/\\\/schema.org\",\"@graph\":[{\"@type\":\"WebPage\",\"@id\":\"https:\\\/\\\/megamoolah777.com\\\/about-us\\\/\",\"url\":\"https:\\\/\\\/megamoolah777.com\\\/about-us\\\/\",\"name\":\"About Us - MegaMoolah777\",\"isPartOf\":{\"@id\":\"https:\\\/\\\/megamoolah777.com\\\/#website\"},\"primaryImageOfPage\":{\"@id\":\"https:\\\/\\\/megamoolah777.com\\\/about-us\\\/#primaryimage\"},\"image\":{\"@id\":\"https:\\\/\\\/megamoolah777.com\\\/about-us\\\/#primaryimage\"},\"thumbnailUrl\":\"https:\\\/\\\/megamoolah777.com\\\/wp-content\\\/uploads\\\/2024\\\/09\\\/slide-1.jpg\",\"datePublished\":\"2024-09-25T08:19:01+00:00\",\"dateModified\":\"2024-09-25T08:19:38+00:00\",\"breadcrumb\":{\"@id\":\"https:\\\/\\\/megamoolah777.com\\\/about-us\\\/#breadcrumb\"},\"inLanguage\":\"tr\",\"potentialAction\":[{\"@type\":\"ReadAction\",\"target\":[\"https:\\\/\\\/megamoolah777.com\\\/about-us\\\/\"]}]},{\"@type\":\"ImageObject\",\"inLanguage\":\"tr\",\"@id\":\"https:\\\/\\\/megamoolah777.com\\\/about-us\\\/#primaryimage\",\"url\":\"https:\\\/\\\/megamoolah777.com\\\/wp-content\\\/uploads\\\/2024\\\/09\\\/slide-1.jpg\",\"contentUrl\":\"https:\\\/\\\/megamoolah777.com\\\/wp-content\\\/uploads\\\/2024\\\/09\\\/slide-1.jpg\",\"width\":800,\"height\":450,\"caption\":\"megamoolah777\"},{\"@type\":\"BreadcrumbList\",\"@id\":\"https:\\\/\\\/megamoolah777.com\\\/about-us\\\/#breadcrumb\",\"itemListElement\":[{\"@type\":\"ListItem\",\"position\":1,\"name\":\"Home\",\"item\":\"https:\\\/\\\/megamoolah777.com\\\/\"},{\"@type\":\"ListItem\",\"position\":2,\"name\":\"About Us\"}]},{\"@type\":\"WebSite\",\"@id\":\"https:\\\/\\\/megamoolah777.com\\\/#website\",\"url\":\"https:\\\/\\\/megamoolah777.com\\\/\",\"name\":\"MegaMoolah777\",\"description\":\"\",\"publisher\":{\"@id\":\"https:\\\/\\\/megamoolah777.com\\\/#organization\"},\"potentialAction\":[{\"@type\":\"SearchAction\",\"target\":{\"@type\":\"EntryPoint\",\"urlTemplate\":\"https:\\\/\\\/megamoolah777.com\\\/?s={search_term_string}\"},\"query-input\":{\"@type\":\"PropertyValueSpecification\",\"valueRequired\":true,\"valueName\":\"search_term_string\"}}],\"inLanguage\":\"tr\"},{\"@type\":\"Organization\",\"@id\":\"https:\\\/\\\/megamoolah777.com\\\/#organization\",\"name\":\"MegaMoolah777\",\"url\":\"https:\\\/\\\/megamoolah777.com\\\/\",\"logo\":{\"@type\":\"ImageObject\",\"inLanguage\":\"tr\",\"@id\":\"https:\\\/\\\/megamoolah777.com\\\/#\\\/schema\\\/logo\\\/image\\\/\",\"url\":\"https:\\\/\\\/megamoolah777.com\\\/wp-content\\\/uploads\\\/2024\\\/09\\\/ab5e82b7-92c2-45d9-8565-5d80bef68d75-min.png\",\"contentUrl\":\"https:\\\/\\\/megamoolah777.com\\\/wp-content\\\/uploads\\\/2024\\\/09\\\/ab5e82b7-92c2-45d9-8565-5d80bef68d75-min.png\",\"width\":1920,\"height\":1200,\"caption\":\"MegaMoolah777\"},\"image\":{\"@id\":\"https:\\\/\\\/megamoolah777.com\\\/#\\\/schema\\\/logo\\\/image\\\/\"}}]}<\/script>\n<!-- \/ Yoast SEO plugin. -->","yoast_head_json":{"title":"Hakk\u0131m\u0131zda - MegaMoolah777","robots":{"index":"index","follow":"follow","max-snippet":"max-snippet:-1","max-image-preview":"max-image-preview:large","max-video-preview":"max-video-preview:-1"},"canonical":"https:\/\/megamoolah777.com\/tr\/about-us\/","og_locale":"tr_TR","og_type":"article","og_title":"About Us - MegaMoolah777","og_description":"About Us At MegaMoolah777.com, we are your reliable hub for everything related to online slots, with a strong focus on Mega Moolah. Our mission is to deliver clear and trustworthy information that enhances your overall gaming experience. We don\u2019t just offer game reviews and strategies. We prioritize responsible gaming, providing the resources and guidance you [&hellip;]","og_url":"https:\/\/megamoolah777.com\/tr\/about-us\/","og_site_name":"MegaMoolah777","article_modified_time":"2024-09-25T08:19:38+00:00","og_image":[{"width":800,"height":450,"url":"https:\/\/megamoolah777.com\/wp-content\/uploads\/2024\/09\/slide-1.jpg","type":"image\/jpeg"}],"twitter_card":"summary_large_image","twitter_misc":{"Tahmini okuma s\u00fcresi":"1 dakika"},"schema":{"@context":"https:\/\/schema.org","@graph":[{"@type":"WebPage","@id":"https:\/\/megamoolah777.com\/about-us\/","url":"https:\/\/megamoolah777.com\/about-us\/","name":"Hakk\u0131m\u0131zda - MegaMoolah777","isPartOf":{"@id":"https:\/\/megamoolah777.com\/#website"},"primaryImageOfPage":{"@id":"https:\/\/megamoolah777.com\/about-us\/#primaryimage"},"image":{"@id":"https:\/\/megamoolah777.com\/about-us\/#primaryimage"},"thumbnailUrl":"https:\/\/megamoolah777.com\/wp-content\/uploads\/2024\/09\/slide-1.jpg","datePublished":"2024-09-25T08:19:01+00:00","dateModified":"2024-09-25T08:19:38+00:00","breadcrumb":{"@id":"https:\/\/megamoolah777.com\/about-us\/#breadcrumb"},"inLanguage":"tr","potentialAction":[{"@type":"ReadAction","target":["https:\/\/megamoolah777.com\/about-us\/"]}]},{"@type":"ImageObject","inLanguage":"tr","@id":"https:\/\/megamoolah777.com\/about-us\/#primaryimage","url":"https:\/\/megamoolah777.com\/wp-content\/uploads\/2024\/09\/slide-1.jpg","contentUrl":"https:\/\/megamoolah777.com\/wp-content\/uploads\/2024\/09\/slide-1.jpg","width":800,"height":450,"caption":"megamoolah777"},{"@type":"BreadcrumbList","@id":"https:\/\/megamoolah777.com\/about-us\/#breadcrumb","itemListElement":[{"@type":"ListItem","position":1,"name":"Home","item":"https:\/\/megamoolah777.com\/"},{"@type":"ListItem","position":2,"name":"About Us"}]},{"@type":"WebSite","@id":"https:\/\/megamoolah777.com\/#website","url":"https:\/\/megamoolah777.com\/","name":"MegaMoolah777","description":"","publisher":{"@id":"https:\/\/megamoolah777.com\/#organization"},"potentialAction":[{"@type":"SearchAction","target":{"@type":"EntryPoint","urlTemplate":"https:\/\/megamoolah777.com\/?s={search_term_string}"},"query-input":{"@type":"PropertyValueSpecification","valueRequired":true,"valueName":"search_term_string"}}],"inLanguage":"tr"},{"@type":"Organization","@id":"https:\/\/megamoolah777.com\/#organization","name":"MegaMoolah777","url":"https:\/\/megamoolah777.com\/","logo":{"@type":"ImageObject","inLanguage":"tr","@id":"https:\/\/megamoolah777.com\/#\/schema\/logo\/image\/","url":"https:\/\/megamoolah777.com\/wp-content\/uploads\/2024\/09\/ab5e82b7-92c2-45d9-8565-5d80bef68d75-min.png","contentUrl":"https:\/\/megamoolah777.com\/wp-content\/uploads\/2024\/09\/ab5e82b7-92c2-45d9-8565-5d80bef68d75-min.png","width":1920,"height":1200,"caption":"MegaMoolah777"},"image":{"@id":"https:\/\/megamoolah777.com\/#\/schema\/logo\/image\/"}}]}},"_links":{"self":[{"href":"https:\/\/megamoolah777.com\/tr\/wp-json\/wp\/v2\/pages\/954","targetHints":{"allow":["GET"]}}],"collection":[{"href":"https:\/\/megamoolah777.com\/tr\/wp-json\/wp\/v2\/pages"}],"about":[{"href":"https:\/\/megamoolah777.com\/tr\/wp-json\/wp\/v2\/types\/page"}],"author":[{"embeddable":true,"href":"https:\/\/megamoolah777.com\/tr\/wp-json\/wp\/v2\/users\/1"}],"replies":[{"embeddable":true,"href":"https:\/\/megamoolah777.com\/tr\/wp-json\/wp\/v2\/comments?post=954"}],"version-history":[{"count":4,"href":"https:\/\/megamoolah777.com\/tr\/wp-json\/wp\/v2\/pages\/954\/revisions"}],"predecessor-version":[{"id":958,"href":"https:\/\/megamoolah777.com\/tr\/wp-json\/wp\/v2\/pages\/954\/revisions\/958"}],"wp:featuredmedia":[{"embeddable":true,"href":"https:\/\/megamoolah777.com\/tr\/wp-json\/wp\/v2\/media\/795"}],"wp:attachment":[{"href":"https:\/\/megamoolah777.com\/tr\/wp-json\/wp\/v2\/media?parent=954"}],"curies":[{"name":"wp","href":"https:\/\/api.w.org\/{rel}","templated":true}]}}